{"id":4031,"date":"2023-04-27T06:50:19","date_gmt":"2023-04-27T06:50:19","guid":{"rendered":"https:\/\/bapafood.com\/gizlilik-politikasi\/"},"modified":"2023-08-28T05:32:59","modified_gmt":"2023-08-28T05:32:59","slug":"privacy-policy","status":"publish","type":"page","link":"https:\/\/bapafood.com\/en\/privacy-policy\/","title":{"rendered":"Privacy Policy"},"content":{"rendered":"\t\t<div data-elementor-type=\"wp-page\" data-elementor-id=\"4031\" class=\"elementor elementor-4031 elementor-1737\" data-elementor-post-type=\"page\">\n\t\t\t\t\t\t\t\t\t<section class=\"elementor-section elementor-top-section elementor-element elementor-element-db91318 elementor-section-boxed elementor-section-height-default elementor-section-height-default\" data-id=\"db91318\" data-element_type=\"section\">\n\t\t\t\t\t\t<div class=\"elementor-container elementor-column-gap-default\">\n\t\t\t\t\t<div class=\"elementor-column elementor-col-100 elementor-top-column elementor-element elementor-element-9c49c3e\" data-id=\"9c49c3e\" data-element_type=\"column\">\n\t\t\t<div class=\"elementor-widget-wrap elementor-element-populated\">\n\t\t\t\t\t\t\t\t<div class=\"elementor-element elementor-element-2fd556b elementor-widget elementor-widget-text-editor\" data-id=\"2fd556b\" data-element_type=\"widget\" data-widget_type=\"text-editor.default\">\n\t\t\t\t<div class=\"elementor-widget-container\">\n\t\t\t<style>\/*! elementor - v3.17.0 - 08-11-2023 *\/\n.elementor-widget-text-editor.elementor-drop-cap-view-stacked .elementor-drop-cap{background-color:#69727d;color:#fff}.elementor-widget-text-editor.elementor-drop-cap-view-framed .elementor-drop-cap{color:#69727d;border:3px solid;background-color:transparent}.elementor-widget-text-editor:not(.elementor-drop-cap-view-default) .elementor-drop-cap{margin-top:8px}.elementor-widget-text-editor:not(.elementor-drop-cap-view-default) .elementor-drop-cap-letter{width:1em;height:1em}.elementor-widget-text-editor .elementor-drop-cap{float:left;text-align:center;line-height:1;font-size:50px}.elementor-widget-text-editor .elementor-drop-cap-letter{display:inline-block}<\/style>\t\t\t\t<div class=\"gmail_default\"><p><strong>Introduction<\/strong>\u00a0At BAPA GIDA, we value your privacy and the security of your data. Therefore, we have prepared this Privacy Policy to inform you about what data we collect, the purposes of data collection, and your rights regarding your data.<\/p><p>This Privacy Policy is only valid for\u00a0(&#8220;our website&#8221;). If you do not accept this Privacy Policy, you should not continue using our website.<\/p><p><strong>Links to Other Websites<\/strong>\u00a0Content on our website may contain links to third-party websites, and our Privacy Policy does not apply to these websites. We do not accept any responsibility for these websites. You should read their privacy policies before sharing your data with third-party websites.<\/p><p><strong>Data We Collect<\/strong>\u00a0When you register on our website, you provide us with data directly such as name, surname, username, and email address.<\/p><p>If you choose to subscribe to our newsletter, you directly provide data like your name, surname, and email address.<\/p><p>We collect your IP address when commenting on content on our website and also during registration.<\/p><p>At BAPA GIDA, to set up your username and create your profile page, we record your mobile phone number with SMS confirmation.<\/p><p>If you choose to participate in BAPA GIDA events online, you directly provide us with data such as the name of the company you work for, industry, department, and title. During the ticket purchasing phase, we store data you share directly with us, like phone numbers, addresses, credit card, and bank account information.<\/p><p>If you participate in BAPA GIDA events online and wish to use the networking feature, your name, surname, company, title, and if chosen to share, will be viewable by other participants during the event. To leave the participation list, simply turn off your visibility settings. Only the information that this video chat was opened will be recorded in our records when making a video call within the networking feature.<\/p><p><strong>How Do We Use the Data We Collect?<\/strong>\u00a0We use the data you directly provide to send newsletters, create and maintain your user account, enable you to use features on our website, manage the sale and provision of event tickets, issue invoices, and provide post-sales services. The legal basis for this usage includes your consent, the establishment and execution of a contract, the necessity to comply with our legal obligations, the necessity to process data for our legitimate interests, and explicit provisions in laws.<\/p><p>Your IP address is collected and stored for the purpose of fulfilling our legal obligation arising from Law No. 5651 on the Regulation of Publications on the Internet and Combating Crimes Committed through Such Publications.<\/p><p><strong>How Long Do We Store Your Data?<\/strong>\u00a0We store the data you directly share when registering on our website for as long as you remain a member.<\/p><p>Data directly shared when subscribing to our newsletter is stored until unsubscribing.<\/p><p>Your IP address is stored in our systems for 1 year.<\/p><p>Data directly shared when participating in BAPA GIDA events online and the data we collect within the framework of the networking feature are stored in our systems for the duration of your membership.<\/p><p>Data directly shared during the online ticket purchasing phase is stored in our systems for 3 years.<\/p><p><strong>Sharing of Your Data<\/strong>\u00a0Apart from responding to binding requests from official authorities and courts to fulfill our legal obligations, we do not share your data with third parties.<\/p><p><strong>Cookies<\/strong>\u00a0Cookies are simple text files placed on your browser by websites to recognize your preferences and actions.<\/p><p>We only use user interface improvement cookies for your language preferences.<\/p><p>You can manage cookies from your browser settings.<\/p><p><strong>Age Limit<\/strong>\u00a0Our website is intended for individuals aged 18 and over. If you are under 18, you should not use our website. If we become aware that we have processed personal data of individuals under 18, we will immediately delete this data.<\/p><p><strong>Your Rights Regarding Your Personal Data<\/strong>\u00a0You can exercise the rights explained below by sending an email to\u00a0<a href=\"mailto:info@profaj.co\" target=\"_blank\" rel=\"noopener\">info@bapafood.com<\/a><\/p><div>\u00a0<\/div><p>(Several rights regarding personal data are listed, from the right to know if personal data is being processed to the right to request its deletion.)<\/p><p><strong>Changes to Our Privacy Policy<\/strong>\u00a0We can always make changes to our Privacy Policy. When we make significant changes, we will inform you.<\/p><p><strong>Contact Us<\/strong>\u00a0You can always contact us with your questions and comments about this Privacy Policy at\u00a0<a href=\"mailto:info@profaj.co\" target=\"_blank\" rel=\"noopener\">info@bapafood.com<\/a>\u00a0or by writing to the postal address below.<\/p><p>Postal address: Bapa G\u0131da \u00dcmit Tun\u00e7a\u011f Cad. No: 10 35860 Torbal\u0131 \/ \u0130zmir \/ Turkey<\/p><\/div>\t\t\t\t\t\t<\/div>\n\t\t\t\t<\/div>\n\t\t\t\t\t<\/div>\n\t\t<\/div>\n\t\t\t\t\t\t\t<\/div>\n\t\t<\/section>\n\t\t\t\t\t\t\t<\/div>\n\t\t","protected":false},"excerpt":{"rendered":"<p>Introduction\u00a0At BAPA GIDA, we value your privacy and the security of your data. Therefore, we have prepared this Privacy Policy to inform you about what data we collect, the purposes of data collection, and your rights regarding your data. This Privacy Policy is only valid for\u00a0(&#8220;our website&#8221;). If you do not accept this Privacy Policy, [&hellip;]<\/p>\n","protected":false},"author":1,"featured_media":0,"parent":0,"menu_order":0,"comment_status":"closed","ping_status":"closed","template":"","meta":{"footnotes":""},"class_list":["post-4031","page","type-page","status-publish","hentry"],"acf":[],"yoast_head":"<!-- This site is optimized with the Yoast SEO plugin v21.6 - https:\/\/yoast.com\/wordpress\/plugins\/seo\/ -->\n<title>Privacy Policy - Bapa G\u0131da<\/title>\n<meta name=\"robots\" content=\"index, follow, max-snippet:-1, max-image-preview:large, max-video-preview:-1\" \/>\n<link rel=\"canonical\" href=\"https:\/\/bapafood.com\/en\/privacy-policy\/\" \/>\n<meta property=\"og:locale\" content=\"en_US\" \/>\n<meta property=\"og:type\" content=\"article\" \/>\n<meta property=\"og:title\" content=\"Privacy Policy - Bapa G\u0131da\" \/>\n<meta property=\"og:description\" content=\"Introduction\u00a0At BAPA GIDA, we value your privacy and the security of your data. Therefore, we have prepared this Privacy Policy to inform you about what data we collect, the purposes of data collection, and your rights regarding your data. This Privacy Policy is only valid for\u00a0(&#8220;our website&#8221;). If you do not accept this Privacy Policy, [&hellip;]\" \/>\n<meta property=\"og:url\" content=\"https:\/\/bapafood.com\/en\/privacy-policy\/\" \/>\n<meta property=\"og:site_name\" content=\"Bapa G\u0131da\" \/>\n<meta property=\"article:modified_time\" content=\"2023-08-28T05:32:59+00:00\" \/>\n<meta name=\"twitter:card\" content=\"summary_large_image\" \/>\n<meta name=\"twitter:label1\" content=\"Est. reading time\" \/>\n\t<meta name=\"twitter:data1\" content=\"4 minutes\" \/>\n<script type=\"application\/ld+json\" class=\"yoast-schema-graph\">{\"@context\":\"https:\/\/schema.org\",\"@graph\":[{\"@type\":\"WebPage\",\"@id\":\"https:\/\/bapafood.com\/en\/privacy-policy\/\",\"url\":\"https:\/\/bapafood.com\/en\/privacy-policy\/\",\"name\":\"Privacy Policy - Bapa G\u0131da\",\"isPartOf\":{\"@id\":\"https:\/\/bapafood.com\/#website\"},\"datePublished\":\"2023-04-27T06:50:19+00:00\",\"dateModified\":\"2023-08-28T05:32:59+00:00\",\"breadcrumb\":{\"@id\":\"https:\/\/bapafood.com\/en\/privacy-policy\/#breadcrumb\"},\"inLanguage\":\"en-US\",\"potentialAction\":[{\"@type\":\"ReadAction\",\"target\":[\"https:\/\/bapafood.com\/en\/privacy-policy\/\"]}]},{\"@type\":\"BreadcrumbList\",\"@id\":\"https:\/\/bapafood.com\/en\/privacy-policy\/#breadcrumb\",\"itemListElement\":[{\"@type\":\"ListItem\",\"position\":1,\"name\":\"Anasayfa\",\"item\":\"https:\/\/bapafood.com\/\"},{\"@type\":\"ListItem\",\"position\":2,\"name\":\"Privacy Policy\"}]},{\"@type\":\"WebSite\",\"@id\":\"https:\/\/bapafood.com\/#website\",\"url\":\"https:\/\/bapafood.com\/\",\"name\":\"Bapa G\u0131da\",\"description\":\"\",\"publisher\":{\"@id\":\"https:\/\/bapafood.com\/#organization\"},\"potentialAction\":[{\"@type\":\"SearchAction\",\"target\":{\"@type\":\"EntryPoint\",\"urlTemplate\":\"https:\/\/bapafood.com\/?s={search_term_string}\"},\"query-input\":\"required name=search_term_string\"}],\"inLanguage\":\"en-US\"},{\"@type\":\"Organization\",\"@id\":\"https:\/\/bapafood.com\/#organization\",\"name\":\"Bapa G\u0131da\",\"url\":\"https:\/\/bapafood.com\/\",\"logo\":{\"@type\":\"ImageObject\",\"inLanguage\":\"en-US\",\"@id\":\"https:\/\/bapafood.com\/#\/schema\/logo\/image\/\",\"url\":\"https:\/\/bapafood.com\/wp-content\/uploads\/2023\/03\/Varlik-1@4x-100.jpg\",\"contentUrl\":\"https:\/\/bapafood.com\/wp-content\/uploads\/2023\/03\/Varlik-1@4x-100.jpg\",\"width\":710,\"height\":441,\"caption\":\"Bapa G\u0131da\"},\"image\":{\"@id\":\"https:\/\/bapafood.com\/#\/schema\/logo\/image\/\"},\"sameAs\":[\"https:\/\/www.instagram.com\/bapagida\/\",\"https:\/\/www.youtube.com\/@bapafinefoods1504\"]}]}<\/script>\n<!-- \/ Yoast SEO plugin. -->","yoast_head_json":{"title":"Privacy Policy - Bapa G\u0131da","robots":{"index":"index","follow":"follow","max-snippet":"max-snippet:-1","max-image-preview":"max-image-preview:large","max-video-preview":"max-video-preview:-1"},"canonical":"https:\/\/bapafood.com\/en\/privacy-policy\/","og_locale":"en_US","og_type":"article","og_title":"Privacy Policy - Bapa G\u0131da","og_description":"Introduction\u00a0At BAPA GIDA, we value your privacy and the security of your data. Therefore, we have prepared this Privacy Policy to inform you about what data we collect, the purposes of data collection, and your rights regarding your data. This Privacy Policy is only valid for\u00a0(&#8220;our website&#8221;). If you do not accept this Privacy Policy, [&hellip;]","og_url":"https:\/\/bapafood.com\/en\/privacy-policy\/","og_site_name":"Bapa G\u0131da","article_modified_time":"2023-08-28T05:32:59+00:00","twitter_card":"summary_large_image","twitter_misc":{"Est. reading time":"4 minutes"},"schema":{"@context":"https:\/\/schema.org","@graph":[{"@type":"WebPage","@id":"https:\/\/bapafood.com\/en\/privacy-policy\/","url":"https:\/\/bapafood.com\/en\/privacy-policy\/","name":"Privacy Policy - Bapa G\u0131da","isPartOf":{"@id":"https:\/\/bapafood.com\/#website"},"datePublished":"2023-04-27T06:50:19+00:00","dateModified":"2023-08-28T05:32:59+00:00","breadcrumb":{"@id":"https:\/\/bapafood.com\/en\/privacy-policy\/#breadcrumb"},"inLanguage":"en-US","potentialAction":[{"@type":"ReadAction","target":["https:\/\/bapafood.com\/en\/privacy-policy\/"]}]},{"@type":"BreadcrumbList","@id":"https:\/\/bapafood.com\/en\/privacy-policy\/#breadcrumb","itemListElement":[{"@type":"ListItem","position":1,"name":"Anasayfa","item":"https:\/\/bapafood.com\/"},{"@type":"ListItem","position":2,"name":"Privacy Policy"}]},{"@type":"WebSite","@id":"https:\/\/bapafood.com\/#website","url":"https:\/\/bapafood.com\/","name":"Bapa G\u0131da","description":"","publisher":{"@id":"https:\/\/bapafood.com\/#organization"},"potentialAction":[{"@type":"SearchAction","target":{"@type":"EntryPoint","urlTemplate":"https:\/\/bapafood.com\/?s={search_term_string}"},"query-input":"required name=search_term_string"}],"inLanguage":"en-US"},{"@type":"Organization","@id":"https:\/\/bapafood.com\/#organization","name":"Bapa G\u0131da","url":"https:\/\/bapafood.com\/","logo":{"@type":"ImageObject","inLanguage":"en-US","@id":"https:\/\/bapafood.com\/#\/schema\/logo\/image\/","url":"https:\/\/bapafood.com\/wp-content\/uploads\/2023\/03\/Varlik-1@4x-100.jpg","contentUrl":"https:\/\/bapafood.com\/wp-content\/uploads\/2023\/03\/Varlik-1@4x-100.jpg","width":710,"height":441,"caption":"Bapa G\u0131da"},"image":{"@id":"https:\/\/bapafood.com\/#\/schema\/logo\/image\/"},"sameAs":["https:\/\/www.instagram.com\/bapagida\/","https:\/\/www.youtube.com\/@bapafinefoods1504"]}]}},"_links":{"self":[{"href":"https:\/\/bapafood.com\/en\/wp-json\/wp\/v2\/pages\/4031","targetHints":{"allow":["GET"]}}],"collection":[{"href":"https:\/\/bapafood.com\/en\/wp-json\/wp\/v2\/pages"}],"about":[{"href":"https:\/\/bapafood.com\/en\/wp-json\/wp\/v2\/types\/page"}],"author":[{"embeddable":true,"href":"https:\/\/bapafood.com\/en\/wp-json\/wp\/v2\/users\/1"}],"replies":[{"embeddable":true,"href":"https:\/\/bapafood.com\/en\/wp-json\/wp\/v2\/comments?post=4031"}],"version-history":[{"count":4,"href":"https:\/\/bapafood.com\/en\/wp-json\/wp\/v2\/pages\/4031\/revisions"}],"predecessor-version":[{"id":4353,"href":"https:\/\/bapafood.com\/en\/wp-json\/wp\/v2\/pages\/4031\/revisions\/4353"}],"wp:attachment":[{"href":"https:\/\/bapafood.com\/en\/wp-json\/wp\/v2\/media?parent=4031"}],"curies":[{"name":"wp","href":"https:\/\/api.w.org\/{rel}","templated":true}]}}