{"id":4023,"date":"2023-06-01T10:50:49","date_gmt":"2023-06-01T10:50:49","guid":{"rendered":"https:\/\/bapafood.com\/yagda-kuru-domates\/"},"modified":"2023-06-01T10:50:49","modified_gmt":"2023-06-01T10:50:49","slug":"yagda-kuru-domates","status":"publish","type":"page","link":"https:\/\/bapafood.com\/en\/yagda-kuru-domates\/","title":{"rendered":"Ya\u011fda Kuru Domates"},"content":{"rendered":"\t\t<div data-elementor-type=\"wp-page\" data-elementor-id=\"4023\" class=\"elementor elementor-4023 elementor-3318\" data-elementor-post-type=\"page\">\n\t\t\t\t\t\t\t\t\t<section class=\"elementor-section elementor-top-section elementor-element elementor-element-206b5e0 elementor-section-boxed elementor-section-height-default elementor-section-height-default\" data-id=\"206b5e0\" data-element_type=\"section\">\n\t\t\t\t\t\t<div class=\"elementor-container elementor-column-gap-default\">\n\t\t\t\t\t<div class=\"elementor-column elementor-col-100 elementor-top-column elementor-element elementor-element-722a470\" data-id=\"722a470\" data-element_type=\"column\">\n\t\t\t<div class=\"elementor-widget-wrap elementor-element-populated\">\n\t\t\t\t\t\t\t\t<div class=\"elementor-element elementor-element-db1f08c elementor-widget elementor-widget-heading\" data-id=\"db1f08c\" data-element_type=\"widget\" data-widget_type=\"heading.default\">\n\t\t\t\t<div class=\"elementor-widget-container\">\n\t\t\t<style>\/*! elementor - v3.17.0 - 08-11-2023 *\/\n.elementor-heading-title{padding:0;margin:0;line-height:1}.elementor-widget-heading .elementor-heading-title[class*=elementor-size-]>a{color:inherit;font-size:inherit;line-height:inherit}.elementor-widget-heading .elementor-heading-title.elementor-size-small{font-size:15px}.elementor-widget-heading .elementor-heading-title.elementor-size-medium{font-size:19px}.elementor-widget-heading .elementor-heading-title.elementor-size-large{font-size:29px}.elementor-widget-heading .elementor-heading-title.elementor-size-xl{font-size:39px}.elementor-widget-heading .elementor-heading-title.elementor-size-xxl{font-size:59px}<\/style><h2 class=\"elementor-heading-title elementor-size-default\">Ya\u011fda Kuru Domates<\/h2>\t\t<\/div>\n\t\t\t\t<\/div>\n\t\t\t\t\t<\/div>\n\t\t<\/div>\n\t\t\t\t\t\t\t<\/div>\n\t\t<\/section>\n\t\t\t\t\t\t\t<\/div>\n\t\t","protected":false},"excerpt":{"rendered":"<p>Ya\u011fda Kuru Domates<\/p>\n","protected":false},"author":1,"featured_media":0,"parent":0,"menu_order":0,"comment_status":"closed","ping_status":"closed","template":"","meta":{"footnotes":""},"class_list":["post-4023","page","type-page","status-publish","hentry"],"acf":[],"yoast_head":"<!-- This site is optimized with the Yoast SEO plugin v21.6 - https:\/\/yoast.com\/wordpress\/plugins\/seo\/ -->\n<title>Ya\u011fda Kuru Domates - Bapa G\u0131da<\/title>\n<meta name=\"robots\" content=\"index, follow, max-snippet:-1, max-image-preview:large, max-video-preview:-1\" \/>\n<link rel=\"canonical\" href=\"https:\/\/bapafood.com\/yagda-kuru-domates\/\" \/>\n<meta property=\"og:locale\" content=\"en_US\" \/>\n<meta property=\"og:type\" content=\"article\" \/>\n<meta property=\"og:title\" content=\"Ya\u011fda Kuru Domates - Bapa G\u0131da\" \/>\n<meta property=\"og:description\" content=\"Ya\u011fda Kuru Domates\" \/>\n<meta property=\"og:url\" content=\"https:\/\/bapafood.com\/yagda-kuru-domates\/\" \/>\n<meta property=\"og:site_name\" content=\"Bapa G\u0131da\" \/>\n<meta name=\"twitter:card\" content=\"summary_large_image\" \/>\n<meta name=\"twitter:label1\" content=\"Est. reading time\" \/>\n\t<meta name=\"twitter:data1\" content=\"22 minutes\" \/>\n<script type=\"application\/ld+json\" class=\"yoast-schema-graph\">{\"@context\":\"https:\/\/schema.org\",\"@graph\":[{\"@type\":\"WebPage\",\"@id\":\"https:\/\/bapafood.com\/yagda-kuru-domates\/\",\"url\":\"https:\/\/bapafood.com\/yagda-kuru-domates\/\",\"name\":\"Ya\u011fda Kuru Domates - Bapa G\u0131da\",\"isPartOf\":{\"@id\":\"https:\/\/bapafood.com\/#website\"},\"datePublished\":\"2023-06-01T10:50:49+00:00\",\"dateModified\":\"2023-06-01T10:50:49+00:00\",\"breadcrumb\":{\"@id\":\"https:\/\/bapafood.com\/yagda-kuru-domates\/#breadcrumb\"},\"inLanguage\":\"en-US\",\"potentialAction\":[{\"@type\":\"ReadAction\",\"target\":[\"https:\/\/bapafood.com\/yagda-kuru-domates\/\"]}]},{\"@type\":\"BreadcrumbList\",\"@id\":\"https:\/\/bapafood.com\/yagda-kuru-domates\/#breadcrumb\",\"itemListElement\":[{\"@type\":\"ListItem\",\"position\":1,\"name\":\"Anasayfa\",\"item\":\"https:\/\/bapafood.com\/\"},{\"@type\":\"ListItem\",\"position\":2,\"name\":\"Ya\u011fda Kuru Domates\"}]},{\"@type\":\"WebSite\",\"@id\":\"https:\/\/bapafood.com\/#website\",\"url\":\"https:\/\/bapafood.com\/\",\"name\":\"Bapa G\u0131da\",\"description\":\"\",\"publisher\":{\"@id\":\"https:\/\/bapafood.com\/#organization\"},\"potentialAction\":[{\"@type\":\"SearchAction\",\"target\":{\"@type\":\"EntryPoint\",\"urlTemplate\":\"https:\/\/bapafood.com\/?s={search_term_string}\"},\"query-input\":\"required name=search_term_string\"}],\"inLanguage\":\"en-US\"},{\"@type\":\"Organization\",\"@id\":\"https:\/\/bapafood.com\/#organization\",\"name\":\"Bapa G\u0131da\",\"url\":\"https:\/\/bapafood.com\/\",\"logo\":{\"@type\":\"ImageObject\",\"inLanguage\":\"en-US\",\"@id\":\"https:\/\/bapafood.com\/#\/schema\/logo\/image\/\",\"url\":\"https:\/\/bapafood.com\/wp-content\/uploads\/2023\/03\/Varlik-1@4x-100.jpg\",\"contentUrl\":\"https:\/\/bapafood.com\/wp-content\/uploads\/2023\/03\/Varlik-1@4x-100.jpg\",\"width\":710,\"height\":441,\"caption\":\"Bapa G\u0131da\"},\"image\":{\"@id\":\"https:\/\/bapafood.com\/#\/schema\/logo\/image\/\"},\"sameAs\":[\"https:\/\/www.instagram.com\/bapagida\/\",\"https:\/\/www.youtube.com\/@bapafinefoods1504\"]}]}<\/script>\n<!-- \/ Yoast SEO plugin. -->","yoast_head_json":{"title":"Ya\u011fda Kuru Domates - Bapa G\u0131da","robots":{"index":"index","follow":"follow","max-snippet":"max-snippet:-1","max-image-preview":"max-image-preview:large","max-video-preview":"max-video-preview:-1"},"canonical":"https:\/\/bapafood.com\/yagda-kuru-domates\/","og_locale":"en_US","og_type":"article","og_title":"Ya\u011fda Kuru Domates - Bapa G\u0131da","og_description":"Ya\u011fda Kuru Domates","og_url":"https:\/\/bapafood.com\/yagda-kuru-domates\/","og_site_name":"Bapa G\u0131da","twitter_card":"summary_large_image","twitter_misc":{"Est. reading time":"22 minutes"},"schema":{"@context":"https:\/\/schema.org","@graph":[{"@type":"WebPage","@id":"https:\/\/bapafood.com\/yagda-kuru-domates\/","url":"https:\/\/bapafood.com\/yagda-kuru-domates\/","name":"Ya\u011fda Kuru Domates - Bapa G\u0131da","isPartOf":{"@id":"https:\/\/bapafood.com\/#website"},"datePublished":"2023-06-01T10:50:49+00:00","dateModified":"2023-06-01T10:50:49+00:00","breadcrumb":{"@id":"https:\/\/bapafood.com\/yagda-kuru-domates\/#breadcrumb"},"inLanguage":"en-US","potentialAction":[{"@type":"ReadAction","target":["https:\/\/bapafood.com\/yagda-kuru-domates\/"]}]},{"@type":"BreadcrumbList","@id":"https:\/\/bapafood.com\/yagda-kuru-domates\/#breadcrumb","itemListElement":[{"@type":"ListItem","position":1,"name":"Anasayfa","item":"https:\/\/bapafood.com\/"},{"@type":"ListItem","position":2,"name":"Ya\u011fda Kuru Domates"}]},{"@type":"WebSite","@id":"https:\/\/bapafood.com\/#website","url":"https:\/\/bapafood.com\/","name":"Bapa G\u0131da","description":"","publisher":{"@id":"https:\/\/bapafood.com\/#organization"},"potentialAction":[{"@type":"SearchAction","target":{"@type":"EntryPoint","urlTemplate":"https:\/\/bapafood.com\/?s={search_term_string}"},"query-input":"required name=search_term_string"}],"inLanguage":"en-US"},{"@type":"Organization","@id":"https:\/\/bapafood.com\/#organization","name":"Bapa G\u0131da","url":"https:\/\/bapafood.com\/","logo":{"@type":"ImageObject","inLanguage":"en-US","@id":"https:\/\/bapafood.com\/#\/schema\/logo\/image\/","url":"https:\/\/bapafood.com\/wp-content\/uploads\/2023\/03\/Varlik-1@4x-100.jpg","contentUrl":"https:\/\/bapafood.com\/wp-content\/uploads\/2023\/03\/Varlik-1@4x-100.jpg","width":710,"height":441,"caption":"Bapa G\u0131da"},"image":{"@id":"https:\/\/bapafood.com\/#\/schema\/logo\/image\/"},"sameAs":["https:\/\/www.instagram.com\/bapagida\/","https:\/\/www.youtube.com\/@bapafinefoods1504"]}]}},"_links":{"self":[{"href":"https:\/\/bapafood.com\/en\/wp-json\/wp\/v2\/pages\/4023","targetHints":{"allow":["GET"]}}],"collection":[{"href":"https:\/\/bapafood.com\/en\/wp-json\/wp\/v2\/pages"}],"about":[{"href":"https:\/\/bapafood.com\/en\/wp-json\/wp\/v2\/types\/page"}],"author":[{"embeddable":true,"href":"https:\/\/bapafood.com\/en\/wp-json\/wp\/v2\/users\/1"}],"replies":[{"embeddable":true,"href":"https:\/\/bapafood.com\/en\/wp-json\/wp\/v2\/comments?post=4023"}],"version-history":[{"count":0,"href":"https:\/\/bapafood.com\/en\/wp-json\/wp\/v2\/pages\/4023\/revisions"}],"wp:attachment":[{"href":"https:\/\/bapafood.com\/en\/wp-json\/wp\/v2\/media?parent=4023"}],"curies":[{"name":"wp","href":"https:\/\/api.w.org\/{rel}","templated":true}]}}